{"id":4166,"date":"2018-04-22T22:21:39","date_gmt":"2018-04-22T20:21:39","guid":{"rendered":"https:\/\/www.avenirgroup.ch\/?page_id=4166"},"modified":"2025-09-15T11:18:57","modified_gmt":"2025-09-15T09:18:57","slug":"ueber-uns","status":"publish","type":"page","link":"https:\/\/www.avenirgroup.ch\/fr\/a-propos\/","title":{"rendered":"\u00c0 propos"},"content":{"rendered":"<p>En tant que soci\u00e9t\u00e9 de conseil et de services dirig\u00e9e par ses fondateurs et sp\u00e9cialis\u00e9e en gestion des ressources humaines, Avenir occupe aujourd\u2019hui une position de leader sur le march\u00e9 suisse. Nous accompagnons nos clients dans la conception et la mise en \u0153uvre de projets et de solutions dans les domaines suivants :<\/p>\n<ul>\n<li><strong>Consulting<\/strong> \u2013 Conseil RH innovant et orient\u00e9 strat\u00e9gie<\/li>\n<li><strong>Assessment<\/strong> \u2013 \u00c9valuation psychologique et \u00e9conomique rigoureuse<\/li>\n<li><strong>Training<\/strong> \u2013 Formations sur mesure, pratiques et applicables<\/li>\n<li><strong>Transformation<\/strong> \u2013 Accompagnement professionnel dans les changements individuels et organisationnels<\/li>\n<li><strong>Services<\/strong> \u2013 Optimisation de l\u2019efficacit\u00e9 et des ressources<\/li>\n<\/ul>\n<p>&nbsp;<\/p>\n<p>Plus de 150 collaboratrices et collaborateurs \u00e0 Zurich, Berne, Lucerne, B\u00e2le, Coire et Lausanne concr\u00e9tisent cet objectif avec la plus grande motivation, en exploitant l\u2019ensemble de notre offre de solutions RH innovantes et \u00e9prouv\u00e9es. Ainsi, nous soutenons nos clients de divers secteurs dans toutes les dimensions de la gestion moderne des ressources humaines.<\/p>\n","protected":false},"excerpt":{"rendered":"<p>En tant que soci\u00e9t\u00e9 de conseil et de services dirig\u00e9e par ses fondateurs et sp\u00e9cialis\u00e9e en gestion des ressources humaines, Avenir occupe aujourd\u2019hui une position de leader sur le march\u00e9 suisse. Nous accompagnons nos clients dans la conception et la mise en \u0153uvre de projets et de solutions dans les domaines suivants : Consulting \u2013<a href=\"https:\/\/www.avenirgroup.ch\/fr\/a-propos\/\" style=\"font-weight:bold;\" rel=\"nofollow\">&#8230; weiterlesen<\/a><\/p>\n","protected":false},"author":1,"featured_media":0,"parent":0,"menu_order":2,"comment_status":"closed","ping_status":"closed","template":"","meta":{"_acf_changed":false,"_monsterinsights_skip_tracking":false,"_monsterinsights_sitenote_active":false,"_monsterinsights_sitenote_note":"","_monsterinsights_sitenote_category":0,"footnotes":""},"class_list":["post-4166","page","type-page","status-publish","hentry"],"acf":[],"yoast_head":"<!-- This site is optimized with the Yoast SEO Premium plugin v27.5 (Yoast SEO v27.5) - https:\/\/yoast.com\/product\/yoast-seo-premium-wordpress\/ -->\n<title>\u00c0 propos &#8211; Avenir Group<\/title>\n<meta name=\"robots\" content=\"index, follow, max-snippet:-1, max-image-preview:large, max-video-preview:-1\" \/>\n<link rel=\"canonical\" href=\"https:\/\/www.avenirgroup.ch\/fr\/a-propos\/\" \/>\n<meta property=\"og:locale\" content=\"fr_FR\" \/>\n<meta property=\"og:type\" content=\"article\" \/>\n<meta property=\"og:title\" content=\"\u00c0 propos\" \/>\n<meta property=\"og:description\" content=\"En tant que soci\u00e9t\u00e9 de conseil et de services dirig\u00e9e par ses fondateurs et sp\u00e9cialis\u00e9e en gestion des ressources humaines, Avenir occupe aujourd\u2019hui une\" \/>\n<meta property=\"og:url\" content=\"https:\/\/www.avenirgroup.ch\/fr\/a-propos\/\" \/>\n<meta property=\"og:site_name\" content=\"Avenir Group\" \/>\n<meta property=\"article:publisher\" content=\"https:\/\/www.facebook.com\/avenirgroup\" \/>\n<meta property=\"article:modified_time\" content=\"2025-09-15T09:18:57+00:00\" \/>\n<meta name=\"twitter:card\" content=\"summary_large_image\" \/>\n<meta name=\"twitter:site\" content=\"@avenirgroup\" \/>\n<meta name=\"twitter:label1\" content=\"Dur\u00e9e de lecture estim\u00e9e\" \/>\n\t<meta name=\"twitter:data1\" content=\"3 minutes\" \/>\n<script type=\"application\/ld+json\" class=\"yoast-schema-graph\">{\"@context\":\"https:\\\/\\\/schema.org\",\"@graph\":[{\"@type\":\"WebPage\",\"@id\":\"https:\\\/\\\/www.avenirgroup.ch\\\/fr\\\/a-propos\\\/\",\"url\":\"https:\\\/\\\/www.avenirgroup.ch\\\/fr\\\/a-propos\\\/\",\"name\":\"\u00c0 propos &#8211; Avenir Group\",\"isPartOf\":{\"@id\":\"https:\\\/\\\/www.avenirgroup.ch\\\/fr\\\/#website\"},\"datePublished\":\"2018-04-22T20:21:39+00:00\",\"dateModified\":\"2025-09-15T09:18:57+00:00\",\"breadcrumb\":{\"@id\":\"https:\\\/\\\/www.avenirgroup.ch\\\/fr\\\/a-propos\\\/#breadcrumb\"},\"inLanguage\":\"fr-FR\",\"potentialAction\":[{\"@type\":\"ReadAction\",\"target\":[\"https:\\\/\\\/www.avenirgroup.ch\\\/fr\\\/a-propos\\\/\"]}]},{\"@type\":\"BreadcrumbList\",\"@id\":\"https:\\\/\\\/www.avenirgroup.ch\\\/fr\\\/a-propos\\\/#breadcrumb\",\"itemListElement\":[{\"@type\":\"ListItem\",\"position\":1,\"name\":\"Home\",\"item\":\"https:\\\/\\\/www.avenirgroup.ch\\\/fr\\\/\"},{\"@type\":\"ListItem\",\"position\":2,\"name\":\"\u00c0 propos\"}]},{\"@type\":\"WebSite\",\"@id\":\"https:\\\/\\\/www.avenirgroup.ch\\\/fr\\\/#website\",\"url\":\"https:\\\/\\\/www.avenirgroup.ch\\\/fr\\\/\",\"name\":\"Avenir Group\",\"description\":\"Nous promouvons ensemble les personnes et les organisations.\",\"publisher\":{\"@id\":\"https:\\\/\\\/www.avenirgroup.ch\\\/fr\\\/#organization\"},\"potentialAction\":[{\"@type\":\"SearchAction\",\"target\":{\"@type\":\"EntryPoint\",\"urlTemplate\":\"https:\\\/\\\/www.avenirgroup.ch\\\/fr\\\/?s={search_term_string}\"},\"query-input\":{\"@type\":\"PropertyValueSpecification\",\"valueRequired\":true,\"valueName\":\"search_term_string\"}}],\"inLanguage\":\"fr-FR\"},{\"@type\":\"Organization\",\"@id\":\"https:\\\/\\\/www.avenirgroup.ch\\\/fr\\\/#organization\",\"name\":\"Avenir Group\",\"url\":\"https:\\\/\\\/www.avenirgroup.ch\\\/fr\\\/\",\"logo\":{\"@type\":\"ImageObject\",\"inLanguage\":\"fr-FR\",\"@id\":\"https:\\\/\\\/www.avenirgroup.ch\\\/fr\\\/#\\\/schema\\\/logo\\\/image\\\/\",\"url\":\"https:\\\/\\\/www.avenirgroup.ch\\\/wp-content\\\/uploads\\\/avenir.png\",\"contentUrl\":\"https:\\\/\\\/www.avenirgroup.ch\\\/wp-content\\\/uploads\\\/avenir.png\",\"width\":500,\"height\":191,\"caption\":\"Avenir Group\"},\"image\":{\"@id\":\"https:\\\/\\\/www.avenirgroup.ch\\\/fr\\\/#\\\/schema\\\/logo\\\/image\\\/\"},\"sameAs\":[\"https:\\\/\\\/www.facebook.com\\\/avenirgroup\",\"https:\\\/\\\/x.com\\\/avenirgroup\",\"https:\\\/\\\/www.linkedin.com\\\/company\\\/avenirgroup\",\"https:\\\/\\\/www.youtube.com\\\/channel\\\/UCSsjNOO3GSDq1LChWFv1GBQ\"]}]}<\/script>\n<!-- \/ Yoast SEO Premium plugin. -->","yoast_head_json":{"title":"\u00c0 propos &#8211; Avenir Group","robots":{"index":"index","follow":"follow","max-snippet":"max-snippet:-1","max-image-preview":"max-image-preview:large","max-video-preview":"max-video-preview:-1"},"canonical":"https:\/\/www.avenirgroup.ch\/fr\/a-propos\/","og_locale":"fr_FR","og_type":"article","og_title":"\u00c0 propos","og_description":"En tant que soci\u00e9t\u00e9 de conseil et de services dirig\u00e9e par ses fondateurs et sp\u00e9cialis\u00e9e en gestion des ressources humaines, Avenir occupe aujourd\u2019hui une","og_url":"https:\/\/www.avenirgroup.ch\/fr\/a-propos\/","og_site_name":"Avenir Group","article_publisher":"https:\/\/www.facebook.com\/avenirgroup","article_modified_time":"2025-09-15T09:18:57+00:00","twitter_card":"summary_large_image","twitter_site":"@avenirgroup","twitter_misc":{"Dur\u00e9e de lecture estim\u00e9e":"3 minutes"},"schema":{"@context":"https:\/\/schema.org","@graph":[{"@type":"WebPage","@id":"https:\/\/www.avenirgroup.ch\/fr\/a-propos\/","url":"https:\/\/www.avenirgroup.ch\/fr\/a-propos\/","name":"\u00c0 propos &#8211; Avenir Group","isPartOf":{"@id":"https:\/\/www.avenirgroup.ch\/fr\/#website"},"datePublished":"2018-04-22T20:21:39+00:00","dateModified":"2025-09-15T09:18:57+00:00","breadcrumb":{"@id":"https:\/\/www.avenirgroup.ch\/fr\/a-propos\/#breadcrumb"},"inLanguage":"fr-FR","potentialAction":[{"@type":"ReadAction","target":["https:\/\/www.avenirgroup.ch\/fr\/a-propos\/"]}]},{"@type":"BreadcrumbList","@id":"https:\/\/www.avenirgroup.ch\/fr\/a-propos\/#breadcrumb","itemListElement":[{"@type":"ListItem","position":1,"name":"Home","item":"https:\/\/www.avenirgroup.ch\/fr\/"},{"@type":"ListItem","position":2,"name":"\u00c0 propos"}]},{"@type":"WebSite","@id":"https:\/\/www.avenirgroup.ch\/fr\/#website","url":"https:\/\/www.avenirgroup.ch\/fr\/","name":"Avenir Group","description":"Nous promouvons ensemble les personnes et les organisations.","publisher":{"@id":"https:\/\/www.avenirgroup.ch\/fr\/#organization"},"potentialAction":[{"@type":"SearchAction","target":{"@type":"EntryPoint","urlTemplate":"https:\/\/www.avenirgroup.ch\/fr\/?s={search_term_string}"},"query-input":{"@type":"PropertyValueSpecification","valueRequired":true,"valueName":"search_term_string"}}],"inLanguage":"fr-FR"},{"@type":"Organization","@id":"https:\/\/www.avenirgroup.ch\/fr\/#organization","name":"Avenir Group","url":"https:\/\/www.avenirgroup.ch\/fr\/","logo":{"@type":"ImageObject","inLanguage":"fr-FR","@id":"https:\/\/www.avenirgroup.ch\/fr\/#\/schema\/logo\/image\/","url":"https:\/\/www.avenirgroup.ch\/wp-content\/uploads\/avenir.png","contentUrl":"https:\/\/www.avenirgroup.ch\/wp-content\/uploads\/avenir.png","width":500,"height":191,"caption":"Avenir Group"},"image":{"@id":"https:\/\/www.avenirgroup.ch\/fr\/#\/schema\/logo\/image\/"},"sameAs":["https:\/\/www.facebook.com\/avenirgroup","https:\/\/x.com\/avenirgroup","https:\/\/www.linkedin.com\/company\/avenirgroup","https:\/\/www.youtube.com\/channel\/UCSsjNOO3GSDq1LChWFv1GBQ"]}]}},"_links":{"self":[{"href":"https:\/\/www.avenirgroup.ch\/fr\/wp-json\/wp\/v2\/pages\/4166","targetHints":{"allow":["GET"]}}],"collection":[{"href":"https:\/\/www.avenirgroup.ch\/fr\/wp-json\/wp\/v2\/pages"}],"about":[{"href":"https:\/\/www.avenirgroup.ch\/fr\/wp-json\/wp\/v2\/types\/page"}],"author":[{"embeddable":true,"href":"https:\/\/www.avenirgroup.ch\/fr\/wp-json\/wp\/v2\/users\/1"}],"replies":[{"embeddable":true,"href":"https:\/\/www.avenirgroup.ch\/fr\/wp-json\/wp\/v2\/comments?post=4166"}],"version-history":[{"count":6,"href":"https:\/\/www.avenirgroup.ch\/fr\/wp-json\/wp\/v2\/pages\/4166\/revisions"}],"predecessor-version":[{"id":11704,"href":"https:\/\/www.avenirgroup.ch\/fr\/wp-json\/wp\/v2\/pages\/4166\/revisions\/11704"}],"wp:attachment":[{"href":"https:\/\/www.avenirgroup.ch\/fr\/wp-json\/wp\/v2\/media?parent=4166"}],"curies":[{"name":"wp","href":"https:\/\/api.w.org\/{rel}","templated":true}]}}